{"id":23,"date":"2024-03-20T07:48:41","date_gmt":"2024-03-20T10:48:41","guid":{"rendered":"https:\/\/demosites.royal-elementor-addons.com\/solar-energy-v2\/?page_id=23"},"modified":"2025-07-21T16:27:01","modified_gmt":"2025-07-21T19:27:01","slug":"sobre-nos","status":"publish","type":"page","link":"https:\/\/madeireirafloresta.com\/2026\/index.php\/sobre-nos\/","title":{"rendered":"Sobre N\u00f3s"},"content":{"rendered":"\t\t<div data-elementor-type=\"wp-page\" data-elementor-id=\"23\" class=\"elementor elementor-23\">\n\t\t\t\t<div class=\"elementor-element elementor-element-179d1a4 e-flex e-con-boxed wpr-particle-no wpr-jarallax-no wpr-parallax-no wpr-sticky-section-no e-con e-parent\" data-id=\"179d1a4\" data-element_type=\"container\" data-settings=\"{&quot;background_background&quot;:&quot;classic&quot;}\">\n\t\t\t\t\t<div class=\"e-con-inner\">\n\t\t\t\t<div class=\"elementor-element elementor-element-4f11afb elementor-widget elementor-widget-heading\" data-id=\"4f11afb\" data-element_type=\"widget\" data-widget_type=\"heading.default\">\n\t\t\t\t\t<h2 class=\"elementor-heading-title elementor-size-default\">Sobre N\u00f3s<\/h2>\t\t\t\t<\/div>\n\t\t\t\t\t<\/div>\n\t\t\t\t<\/div>\n\t\t<div class=\"elementor-element elementor-element-f260a65 e-flex e-con-boxed wpr-particle-no wpr-jarallax-no wpr-parallax-no wpr-sticky-section-no e-con e-parent\" data-id=\"f260a65\" data-element_type=\"container\">\n\t\t\t\t\t<div class=\"e-con-inner\">\n\t\t<div class=\"elementor-element elementor-element-e3d5003 e-flex e-con-boxed wpr-particle-no wpr-jarallax-no wpr-parallax-no wpr-sticky-section-no elementor-invisible e-con e-child\" data-id=\"e3d5003\" data-element_type=\"container\" data-settings=\"{&quot;animation&quot;:&quot;slideInLeft&quot;}\">\n\t\t\t\t\t<div class=\"e-con-inner\">\n\t\t\t\t<div class=\"elementor-element elementor-element-fe65450 elementor-widget elementor-widget-image\" data-id=\"fe65450\" data-element_type=\"widget\" data-widget_type=\"image.default\">\n\t\t\t\t\t\t\t\t\t\t\t\t\t\t\t<img decoding=\"async\" width=\"366\" height=\"120\" src=\"https:\/\/madeireirafloresta.com\/2026\/wp-content\/uploads\/2024\/03\/madeireira-floresta-p.jpg\" class=\"attachment-large size-large wp-image-1826\" alt=\"\" srcset=\"https:\/\/madeireirafloresta.com\/2026\/wp-content\/uploads\/2024\/03\/madeireira-floresta-p.jpg 366w, https:\/\/madeireirafloresta.com\/2026\/wp-content\/uploads\/2024\/03\/madeireira-floresta-p-300x98.jpg 300w\" sizes=\"(max-width: 366px) 100vw, 366px\" \/>\t\t\t\t\t\t\t\t\t\t\t\t\t\t\t<\/div>\n\t\t\t\t\t<\/div>\n\t\t\t\t<\/div>\n\t\t<div class=\"elementor-element elementor-element-586167d e-flex e-con-boxed wpr-particle-no wpr-jarallax-no wpr-parallax-no wpr-sticky-section-no elementor-invisible e-con e-child\" data-id=\"586167d\" data-element_type=\"container\" data-settings=\"{&quot;animation&quot;:&quot;slideInRight&quot;}\">\n\t\t\t\t\t<div class=\"e-con-inner\">\n\t\t\t\t<div class=\"elementor-element elementor-element-cd68ab2 elementor-widget elementor-widget-heading\" data-id=\"cd68ab2\" data-element_type=\"widget\" data-widget_type=\"heading.default\">\n\t\t\t\t\t<h2 class=\"elementor-heading-title elementor-size-default\">Sobre N\u00f3s<\/h2>\t\t\t\t<\/div>\n\t\t\t\t<div class=\"elementor-element elementor-element-321a0dd elementor-widget elementor-widget-text-editor\" data-id=\"321a0dd\" data-element_type=\"widget\" data-widget_type=\"text-editor.default\">\n\t\t\t\t\t\t\t\t\t<p>As esquadrias da\u00a0<b>Madeireira Floresta<\/b>\u00a0ir\u00e3o dar um toque especial na sua casa.<br \/>iniciamos nossa trajet\u00f3ria em 1987, temos uma vasta experi\u00eancia em produtos acabados, aliado a pr\u00e1tica de nossos profissionais, quando se trata de produtos em madeira.<br \/>Nos especializamos na fabrica\u00e7\u00e3o de esquadrias de madeira de alta qualidade. Aduelas, B\u00e1sculas, Janelas, Seteiras e Portas.<br \/>Destacamos tamb\u00e9m a linha Pivotante. Trabalhamos com tr\u00eas estilos: Esquadrias Retas, Colonial e Imperial.<br \/>Trabalhamos com madeira de reflorestamento, eucalipto e tamb\u00e9m madeira nobre de manejo sustent\u00e1vel Angelim Pedra.<br \/>Pensando sempre na preserva\u00e7\u00e3o ambiental.<br \/>A utiliza\u00e7\u00e3o de nossos produtos, abrangem, projetos residenciais, comerciais, empresariais, corporativos, industriais.<br \/>Entre em contato conosco atrav\u00e9s do nosso e-mail, telefone ou WhatsApp.<br \/>Entregamos no norte Fluminense, Minas Gerais e Esp\u00edrito Santo.<\/p>\t\t\t\t\t\t\t\t<\/div>\n\t\t\t\t\t<\/div>\n\t\t\t\t<\/div>\n\t\t\t\t\t<\/div>\n\t\t\t\t<\/div>\n\t\t<div class=\"elementor-element elementor-element-06f64d4 e-flex e-con-boxed wpr-particle-no wpr-jarallax-no wpr-parallax-no wpr-sticky-section-no e-con e-parent\" data-id=\"06f64d4\" data-element_type=\"container\">\n\t\t\t\t\t<div class=\"e-con-inner\">\n\t\t\t\t<div class=\"elementor-element elementor-element-cc8881e elementor-widget elementor-widget-html\" data-id=\"cc8881e\" data-element_type=\"widget\" data-widget_type=\"html.default\">\n\t\t\t\t\t<iframe src=\"https:\/\/www.google.com\/maps\/embed?pb=!1m18!1m12!1m3!1d698.7315381452215!2d-40.53330805449112!3d-19.406741408653044!2m3!1f0!2f0!3f0!3m2!1i1024!2i768!4f13.1!3m3!1m2!1s0xb6530d5426d88b%3A0xed112cd28ae2e6b5!2sEsquadram!5e1!3m2!1spt-BR!2sbr!4v1753124899517!5m2!1spt-BR!2sbr\" width=\"600\" height=\"450\" style=\"border:0;\" allowfullscreen=\"\" loading=\"lazy\" referrerpolicy=\"no-referrer-when-downgrade\"><\/iframe>\t\t\t\t<\/div>\n\t\t\t\t\t<\/div>\n\t\t\t\t<\/div>\n\t\t\t\t<\/div>\n\t\t","protected":false},"excerpt":{"rendered":"<p>Sobre N\u00f3s Sobre N\u00f3s As esquadrias da\u00a0Madeireira Floresta\u00a0ir\u00e3o dar um toque especial na sua casa.iniciamos nossa trajet\u00f3ria em 1987, temos uma vasta experi\u00eancia em produtos acabados, aliado a pr\u00e1tica de nossos profissionais, quando se trata de produtos em madeira.Nos especializamos na fabrica\u00e7\u00e3o de esquadrias de madeira de alta qualidade. Aduelas, B\u00e1sculas, Janelas, Seteiras e Portas.Destacamos tamb\u00e9m a linha Pivotante. Trabalhamos com tr\u00eas estilos: Esquadrias Retas, Colonial e Imperial.Trabalhamos com madeira de reflorestamento, eucalipto e tamb\u00e9m madeira nobre de manejo sustent\u00e1vel Angelim Pedra.Pensando sempre na preserva\u00e7\u00e3o ambiental.A utiliza\u00e7\u00e3o de nossos produtos, abrangem, projetos residenciais, comerciais, empresariais, corporativos, industriais.Entre em contato conosco atrav\u00e9s do nosso e-mail, telefone ou WhatsApp.Entregamos no norte Fluminense, Minas Gerais e Esp\u00edrito Santo.<\/p>\n","protected":false},"author":1,"featured_media":0,"parent":0,"menu_order":0,"comment_status":"closed","ping_status":"closed","template":"elementor_canvas","meta":{"footnotes":""},"class_list":["post-23","page","type-page","status-publish","hentry"],"_links":{"self":[{"href":"https:\/\/madeireirafloresta.com\/2026\/index.php\/wp-json\/wp\/v2\/pages\/23","targetHints":{"allow":["GET"]}}],"collection":[{"href":"https:\/\/madeireirafloresta.com\/2026\/index.php\/wp-json\/wp\/v2\/pages"}],"about":[{"href":"https:\/\/madeireirafloresta.com\/2026\/index.php\/wp-json\/wp\/v2\/types\/page"}],"author":[{"embeddable":true,"href":"https:\/\/madeireirafloresta.com\/2026\/index.php\/wp-json\/wp\/v2\/users\/1"}],"replies":[{"embeddable":true,"href":"https:\/\/madeireirafloresta.com\/2026\/index.php\/wp-json\/wp\/v2\/comments?post=23"}],"version-history":[{"count":10,"href":"https:\/\/madeireirafloresta.com\/2026\/index.php\/wp-json\/wp\/v2\/pages\/23\/revisions"}],"predecessor-version":[{"id":2290,"href":"https:\/\/madeireirafloresta.com\/2026\/index.php\/wp-json\/wp\/v2\/pages\/23\/revisions\/2290"}],"wp:attachment":[{"href":"https:\/\/madeireirafloresta.com\/2026\/index.php\/wp-json\/wp\/v2\/media?parent=23"}],"curies":[{"name":"wp","href":"https:\/\/api.w.org\/{rel}","templated":true}]}}